{"id":2483,"date":"2025-04-16T16:00:05","date_gmt":"2025-04-16T20:00:05","guid":{"rendered":"https:\/\/sogia.cl\/web\/?page_id=2483"},"modified":"2025-04-16T16:26:46","modified_gmt":"2025-04-16T20:26:46","slug":"programa-its","status":"publish","type":"page","link":"https:\/\/sogia.cl\/web\/programa-its\/","title":{"rendered":"Programa ITS"},"content":{"rendered":"\t\t<div data-elementor-type=\"wp-page\" data-elementor-id=\"2483\" class=\"elementor elementor-2483\">\n\t\t\t\t<div class=\"elementor-element elementor-element-133b4c6 e-flex e-con-boxed wpr-particle-no wpr-jarallax-no wpr-parallax-no wpr-sticky-section-no e-con e-parent\" data-id=\"133b4c6\" data-element_type=\"container\">\n\t\t\t\t\t<div class=\"e-con-inner\">\n\t\t\t\t<div class=\"elementor-element elementor-element-a516e41 elementor-widget__width-initial elementor-widget elementor-widget-video\" data-id=\"a516e41\" data-element_type=\"widget\" data-settings=\"{&quot;video_type&quot;:&quot;hosted&quot;,&quot;autoplay&quot;:&quot;yes&quot;,&quot;play_on_mobile&quot;:&quot;yes&quot;,&quot;controls&quot;:&quot;yes&quot;}\" data-widget_type=\"video.default\">\n\t\t\t\t<div class=\"elementor-widget-container\">\n\t\t\t\t\t\t\t<div class=\"e-hosted-video elementor-wrapper elementor-open-inline\">\n\t\t\t\t\t<video class=\"elementor-video\" src=\"https:\/\/sogia.cl\/web\/wp-content\/uploads\/2025\/04\/Invitacion-vertical-Dra.-Andrea-Huneeus.mov\" autoplay=\"\" controls=\"\" playsinline=\"\" controlsList=\"nodownload\" poster=\"https:\/\/sogia.cl\/web\/wp-content\/uploads\/2025\/04\/Programa-ITS-2025-Jpeg.jpg\"><\/video>\n\t\t\t\t<\/div>\n\t\t\t\t\t\t<\/div>\n\t\t\t\t<\/div>\n\t\t\t\t\t<\/div>\n\t\t\t\t<\/div>\n\t\t<div class=\"elementor-element elementor-element-9fd1b2d e-flex e-con-boxed wpr-particle-no wpr-jarallax-no wpr-parallax-no wpr-sticky-section-no e-con e-parent\" data-id=\"9fd1b2d\" data-element_type=\"container\">\n\t\t\t\t\t<div class=\"e-con-inner\">\n\t\t\t\t<div class=\"elementor-element elementor-element-c78d4ea elementor-widget-divider--view-line_icon elementor-view-default elementor-widget-divider--element-align-center elementor-widget elementor-widget-divider\" data-id=\"c78d4ea\" data-element_type=\"widget\" data-widget_type=\"divider.default\">\n\t\t\t\t<div class=\"elementor-widget-container\">\n\t\t\t\t\t\t\t<div class=\"elementor-divider\">\n\t\t\t<span class=\"elementor-divider-separator\">\n\t\t\t\t\t\t\t<div class=\"elementor-icon elementor-divider__element\">\n\t\t\t\t\t<svg aria-hidden=\"true\" class=\"e-font-icon-svg e-fab-first-order-alt\" viewBox=\"0 0 496 512\" xmlns=\"http:\/\/www.w3.org\/2000\/svg\"><path d=\"M248 8C111.03 8 0 119.03 0 256s111.03 248 248 248 248-111.03 248-248S384.97 8 248 8zm0 488.21C115.34 496.21 7.79 388.66 7.79 256S115.34 15.79 248 15.79 488.21 123.34 488.21 256 380.66 496.21 248 496.21zm0-459.92C126.66 36.29 28.29 134.66 28.29 256S126.66 475.71 248 475.71 467.71 377.34 467.71 256 369.34 36.29 248 36.29zm0 431.22c-116.81 0-211.51-94.69-211.51-211.51S131.19 44.49 248 44.49 459.51 139.19 459.51 256 364.81 467.51 248 467.51zm186.23-162.98a191.613 191.613 0 0 1-20.13 48.69l-74.13-35.88 61.48 54.82a193.515 193.515 0 0 1-37.2 37.29l-54.8-61.57 35.88 74.27a190.944 190.944 0 0 1-48.63 20.23l-27.29-78.47 4.79 82.93c-8.61 1.18-17.4 1.8-26.33 1.8s-17.72-.62-26.33-1.8l4.76-82.46-27.15 78.03a191.365 191.365 0 0 1-48.65-20.2l35.93-74.34-54.87 61.64a193.85 193.85 0 0 1-37.22-37.28l61.59-54.9-74.26 35.93a191.638 191.638 0 0 1-20.14-48.69l77.84-27.11-82.23 4.76c-1.16-8.57-1.78-17.32-1.78-26.21 0-9 .63-17.84 1.82-26.51l82.38 4.77-77.94-27.16a191.726 191.726 0 0 1 20.23-48.67l74.22 35.92-61.52-54.86a193.85 193.85 0 0 1 37.28-37.22l54.76 61.53-35.83-74.17a191.49 191.49 0 0 1 48.65-20.13l26.87 77.25-4.71-81.61c8.61-1.18 17.39-1.8 26.32-1.8s17.71.62 26.32 1.8l-4.74 82.16 27.05-77.76c17.27 4.5 33.6 11.35 48.63 20.17l-35.82 74.12 54.72-61.47a193.13 193.13 0 0 1 37.24 37.23l-61.45 54.77 74.12-35.86a191.515 191.515 0 0 1 20.2 48.65l-77.81 27.1 82.24-4.75c1.19 8.66 1.82 17.5 1.82 26.49 0 8.88-.61 17.63-1.78 26.19l-82.12-4.75 77.72 27.09z\"><\/path><\/svg><\/div>\n\t\t\t\t\t\t<\/span>\n\t\t<\/div>\n\t\t\t\t\t\t<\/div>\n\t\t\t\t<\/div>\n\t\t\t\t\t<\/div>\n\t\t\t\t<\/div>\n\t\t<div class=\"elementor-element elementor-element-1c279cc e-flex e-con-boxed wpr-particle-no wpr-jarallax-no wpr-parallax-no wpr-sticky-section-no e-con e-parent\" data-id=\"1c279cc\" data-element_type=\"container\">\n\t\t\t\t\t<div class=\"e-con-inner\">\n\t\t\t\t<div class=\"elementor-element elementor-element-9425be7 elementor-widget elementor-widget-text-editor\" data-id=\"9425be7\" data-element_type=\"widget\" data-widget_type=\"text-editor.default\">\n\t\t\t\t<div class=\"elementor-widget-container\">\n\t\t\t\t\t\t\t\t\t<h5><strong>SOGIA invita a participar en su pr\u00f3ximo curso online:<\/strong><\/h5><h6>\u201cInfecciones de Transmisi\u00f3n Sexual post pandemia: Contingencias y controversias\u201d<\/h6><h6>Disponible del 1 de junio al 31 de agosto de 2025 a trav\u00e9s de la plataforma EMC Saval.<\/h6><div><strong>Duraci\u00f3n:<\/strong><\/div><div>Clases en video, 18 m\u00f3dulos de 20 minutos cada uno.<\/div><div>\u00a0<\/div><div><strong>Acreditaci\u00f3n:<\/strong><\/div><div>30 horas acad\u00e9micas.<\/div><div>\u00a0<\/div><div><strong>Dirigido a:<\/strong><\/div><div>Profesionales de ginecolog\u00eda, infectolog\u00eda, dermatolog\u00eda, pediatr\u00eda, medicina familiar, salud p\u00fablica, medicina general y otras \u00e1reas de la salud.<\/div><div>\u00a0<\/div><div><strong>Temas:<\/strong><\/div><div>ITS cl\u00e1sicas y emergentes, vacunas, ITS en embarazo, PrEP, PEP, entre otros, con enfoque integral y docentes expertos.<\/div><div>\u00a0<\/div><div><strong>Inscripciones y programa:<\/strong><\/div><div><span style=\"text-decoration: underline;\"><strong><a href=\"https:\/\/emc-saval.cl\/2025-SOGIA-ITS\" target=\"_blank\" rel=\"noopener\" data-saferedirecturl=\"https:\/\/www.google.com\/url?q=https:\/\/emc-saval.cl\/2025-SOGIA-ITS&amp;source=gmail&amp;ust=1744916657524000&amp;usg=AOvVaw28eGFvZaYGQXGLwS4hIkZC\">https:\/\/emc-saval.cl\/2025-<wbr \/>SOGIA-ITS<\/a><\/strong><\/span><\/div><div>\u00a0<\/div><div><strong>Organiza:<\/strong><br \/>Dra. Andrea Huneeus Vergara,<\/div><div>Directora del curso.<\/div><div>\u00a0<\/div><div><strong>Comit\u00e9 organizador: <\/strong><\/div><div>Dr. Rodrigo Blamey, Dra. Alejandra Cabellos, Dra. Claudia Zajer.<\/div><div>\u00a0<\/div><div><strong>Presidenta SOGIA: <\/strong><\/div><div>Dra. Daniela Capella<\/div>\t\t\t\t\t\t\t\t<\/div>\n\t\t\t\t<\/div>\n\t\t\t\t\t<\/div>\n\t\t\t\t<\/div>\n\t\t<div class=\"elementor-element elementor-element-09ff935 e-flex e-con-boxed wpr-particle-no wpr-jarallax-no wpr-parallax-no wpr-sticky-section-no e-con e-parent\" data-id=\"09ff935\" data-element_type=\"container\">\n\t\t\t\t\t<div class=\"e-con-inner\">\n\t\t\t\t<div class=\"elementor-element elementor-element-26d3360 elementor-widget-divider--view-line_icon elementor-view-default elementor-widget-divider--element-align-center elementor-widget elementor-widget-divider\" data-id=\"26d3360\" data-element_type=\"widget\" data-widget_type=\"divider.default\">\n\t\t\t\t<div class=\"elementor-widget-container\">\n\t\t\t\t\t\t\t<div class=\"elementor-divider\">\n\t\t\t<span class=\"elementor-divider-separator\">\n\t\t\t\t\t\t\t<div class=\"elementor-icon elementor-divider__element\">\n\t\t\t\t\t<svg aria-hidden=\"true\" class=\"e-font-icon-svg e-fab-first-order-alt\" viewBox=\"0 0 496 512\" xmlns=\"http:\/\/www.w3.org\/2000\/svg\"><path d=\"M248 8C111.03 8 0 119.03 0 256s111.03 248 248 248 248-111.03 248-248S384.97 8 248 8zm0 488.21C115.34 496.21 7.79 388.66 7.79 256S115.34 15.79 248 15.79 488.21 123.34 488.21 256 380.66 496.21 248 496.21zm0-459.92C126.66 36.29 28.29 134.66 28.29 256S126.66 475.71 248 475.71 467.71 377.34 467.71 256 369.34 36.29 248 36.29zm0 431.22c-116.81 0-211.51-94.69-211.51-211.51S131.19 44.49 248 44.49 459.51 139.19 459.51 256 364.81 467.51 248 467.51zm186.23-162.98a191.613 191.613 0 0 1-20.13 48.69l-74.13-35.88 61.48 54.82a193.515 193.515 0 0 1-37.2 37.29l-54.8-61.57 35.88 74.27a190.944 190.944 0 0 1-48.63 20.23l-27.29-78.47 4.79 82.93c-8.61 1.18-17.4 1.8-26.33 1.8s-17.72-.62-26.33-1.8l4.76-82.46-27.15 78.03a191.365 191.365 0 0 1-48.65-20.2l35.93-74.34-54.87 61.64a193.85 193.85 0 0 1-37.22-37.28l61.59-54.9-74.26 35.93a191.638 191.638 0 0 1-20.14-48.69l77.84-27.11-82.23 4.76c-1.16-8.57-1.78-17.32-1.78-26.21 0-9 .63-17.84 1.82-26.51l82.38 4.77-77.94-27.16a191.726 191.726 0 0 1 20.23-48.67l74.22 35.92-61.52-54.86a193.85 193.85 0 0 1 37.28-37.22l54.76 61.53-35.83-74.17a191.49 191.49 0 0 1 48.65-20.13l26.87 77.25-4.71-81.61c8.61-1.18 17.39-1.8 26.32-1.8s17.71.62 26.32 1.8l-4.74 82.16 27.05-77.76c17.27 4.5 33.6 11.35 48.63 20.17l-35.82 74.12 54.72-61.47a193.13 193.13 0 0 1 37.24 37.23l-61.45 54.77 74.12-35.86a191.515 191.515 0 0 1 20.2 48.65l-77.81 27.1 82.24-4.75c1.19 8.66 1.82 17.5 1.82 26.49 0 8.88-.61 17.63-1.78 26.19l-82.12-4.75 77.72 27.09z\"><\/path><\/svg><\/div>\n\t\t\t\t\t\t<\/span>\n\t\t<\/div>\n\t\t\t\t\t\t<\/div>\n\t\t\t\t<\/div>\n\t\t\t\t\t<\/div>\n\t\t\t\t<\/div>\n\t\t<div class=\"elementor-element elementor-element-d37f914 e-flex e-con-boxed wpr-particle-no wpr-jarallax-no wpr-parallax-no wpr-sticky-section-no e-con e-parent\" data-id=\"d37f914\" data-element_type=\"container\">\n\t\t\t\t\t<div class=\"e-con-inner\">\n\t\t\t\t<div class=\"elementor-element elementor-element-a3602bf elementor-widget elementor-widget-image\" data-id=\"a3602bf\" data-element_type=\"widget\" data-widget_type=\"image.default\">\n\t\t\t\t<div class=\"elementor-widget-container\">\n\t\t\t\t\t\t\t\t\t\t\t\t\t\t\t<img fetchpriority=\"high\" decoding=\"async\" width=\"1080\" height=\"1920\" src=\"https:\/\/sogia.cl\/web\/wp-content\/uploads\/2025\/04\/Programa-ITS-2025-Jpeg.jpg\" class=\"attachment-full size-full wp-image-2482\" alt=\"\" srcset=\"https:\/\/sogia.cl\/web\/wp-content\/uploads\/2025\/04\/Programa-ITS-2025-Jpeg.jpg 1080w, https:\/\/sogia.cl\/web\/wp-content\/uploads\/2025\/04\/Programa-ITS-2025-Jpeg-270x480.jpg 270w, https:\/\/sogia.cl\/web\/wp-content\/uploads\/2025\/04\/Programa-ITS-2025-Jpeg-540x960.jpg 540w, https:\/\/sogia.cl\/web\/wp-content\/uploads\/2025\/04\/Programa-ITS-2025-Jpeg-864x1536.jpg 864w, https:\/\/sogia.cl\/web\/wp-content\/uploads\/2025\/04\/Programa-ITS-2025-Jpeg-84x150.jpg 84w\" sizes=\"(max-width: 1080px) 100vw, 1080px\" \/>\t\t\t\t\t\t\t\t\t\t\t\t\t\t\t<\/div>\n\t\t\t\t<\/div>\n\t\t\t\t\t<\/div>\n\t\t\t\t<\/div>\n\t\t\t\t<\/div>\n\t\t","protected":false},"excerpt":{"rendered":"<p>https:\/\/sogia.cl\/web\/wp-content\/uploads\/2025\/04\/Invitacion-vertical-Dra.-Andrea-Huneeus.mov SOGIA invita a participar en su pr\u00f3ximo curso online: \u201cInfecciones de Transmisi\u00f3n Sexual post pandemia: Contingencias y controversias\u201d Disponible&nbsp;<a href=\"https:\/\/sogia.cl\/web\/programa-its\/\">&hellip;<\/a><\/p>\n","protected":false},"author":1,"featured_media":0,"parent":0,"menu_order":0,"comment_status":"closed","ping_status":"closed","template":"template-fullwidth.php","meta":{"footnotes":""},"class_list":["post-2483","page","type-page","status-publish","hentry","odd"],"_links":{"self":[{"href":"https:\/\/sogia.cl\/web\/wp-json\/wp\/v2\/pages\/2483","targetHints":{"allow":["GET"]}}],"collection":[{"href":"https:\/\/sogia.cl\/web\/wp-json\/wp\/v2\/pages"}],"about":[{"href":"https:\/\/sogia.cl\/web\/wp-json\/wp\/v2\/types\/page"}],"author":[{"embeddable":true,"href":"https:\/\/sogia.cl\/web\/wp-json\/wp\/v2\/users\/1"}],"replies":[{"embeddable":true,"href":"https:\/\/sogia.cl\/web\/wp-json\/wp\/v2\/comments?post=2483"}],"version-history":[{"count":3,"href":"https:\/\/sogia.cl\/web\/wp-json\/wp\/v2\/pages\/2483\/revisions"}],"predecessor-version":[{"id":2499,"href":"https:\/\/sogia.cl\/web\/wp-json\/wp\/v2\/pages\/2483\/revisions\/2499"}],"wp:attachment":[{"href":"https:\/\/sogia.cl\/web\/wp-json\/wp\/v2\/media?parent=2483"}],"curies":[{"name":"wp","href":"https:\/\/api.w.org\/{rel}","templated":true}]}}