{"id":2301,"date":"2025-01-24T12:21:25","date_gmt":"2025-01-24T15:21:25","guid":{"rendered":"https:\/\/sogia.cl\/web\/?page_id=2301"},"modified":"2025-01-27T17:39:12","modified_gmt":"2025-01-27T20:39:12","slug":"beca-sogia","status":"publish","type":"page","link":"https:\/\/sogia.cl\/web\/beca-sogia\/","title":{"rendered":"Beca SOGIA"},"content":{"rendered":"\t\t<div data-elementor-type=\"wp-page\" data-elementor-id=\"2301\" class=\"elementor elementor-2301\">\n\t\t\t\t<div class=\"elementor-element elementor-element-6738ae7 e-flex e-con-boxed wpr-particle-no wpr-jarallax-no wpr-parallax-no wpr-sticky-section-no e-con e-parent\" data-id=\"6738ae7\" data-element_type=\"container\">\n\t\t\t\t\t<div class=\"e-con-inner\">\n\t\t\t\t<div class=\"elementor-element elementor-element-e5f7878 elementor-widget elementor-widget-text-editor\" data-id=\"e5f7878\" data-element_type=\"widget\" data-widget_type=\"text-editor.default\">\n\t\t\t\t<div class=\"elementor-widget-container\">\n\t\t\t\t\t\t\t\t\t<h4><b><span style=\"color: #3a2e83;\">Beca SOGIA para subespecialidad de Ginecolog\u00eda Infantil y de la Adolescencia<\/span>\u00a0<\/b><\/h4><ol><li style=\"font-weight: 400;\" aria-level=\"1\"><span style=\"font-weight: 400;\">Dirigida a ginec\u00f3logos\u00a0o pediatras ACEPTADOS en el programa de subespecialidad que no cuenten con financiamiento de otro tipo (servicio de salud p\u00fablico o privado).<\/span><\/li><li style=\"font-weight: 400;\" aria-level=\"1\"><span style=\"font-weight: 400;\">Una vez aceptado en el programa, puede optar al financiamiento beca SOGIA, que ser\u00e1 solo un cupo por generaci\u00f3n. En caso de haber m\u00e1s postulantes, el directorio de SOGIA decidir\u00e1 qui\u00e9n accede a la beca en base a antecedentes curriculares de los postulantes.\u00a0<\/span><\/li><li style=\"font-weight: 400;\" aria-level=\"1\"><span style=\"font-weight: 400;\">Cubre 50% del arancel.<\/span><\/li><li style=\"font-weight: 400;\" aria-level=\"1\"><span style=\"font-weight: 400;\">Debe ser socio de SOGIA activo (participar en reuniones y jornadas).<\/span><\/li><li style=\"font-weight: 400;\" aria-level=\"1\"><span style=\"font-weight: 400;\">Mantener buen rendimiento en la beca y no reprobar rotaciones para que se prorrogue el beneficio al segundo a\u00f1o.<\/span><\/li><li style=\"font-weight: 400;\" aria-level=\"1\"><span style=\"font-weight: 400;\">Post beca, trabajar 2 a\u00f1os en un Servicio de salud p\u00fablico o con cobertura FONASA en caso de no tener cargo en sistema p\u00fablico.<\/span><\/li><\/ol>\t\t\t\t\t\t\t\t<\/div>\n\t\t\t\t<\/div>\n\t\t\t\t\t<\/div>\n\t\t\t\t<\/div>\n\t\t\t\t<\/div>\n\t\t","protected":false},"excerpt":{"rendered":"<p>Beca SOGIA para subespecialidad de Ginecolog\u00eda Infantil y de la Adolescencia\u00a0 Dirigida a ginec\u00f3logos\u00a0o pediatras ACEPTADOS en el programa de&nbsp;<a href=\"https:\/\/sogia.cl\/web\/beca-sogia\/\">&hellip;<\/a><\/p>\n","protected":false},"author":1,"featured_media":0,"parent":0,"menu_order":0,"comment_status":"closed","ping_status":"closed","template":"template-fullwidth.php","meta":{"footnotes":""},"class_list":["post-2301","page","type-page","status-publish","hentry","odd"],"_links":{"self":[{"href":"https:\/\/sogia.cl\/web\/wp-json\/wp\/v2\/pages\/2301","targetHints":{"allow":["GET"]}}],"collection":[{"href":"https:\/\/sogia.cl\/web\/wp-json\/wp\/v2\/pages"}],"about":[{"href":"https:\/\/sogia.cl\/web\/wp-json\/wp\/v2\/types\/page"}],"author":[{"embeddable":true,"href":"https:\/\/sogia.cl\/web\/wp-json\/wp\/v2\/users\/1"}],"replies":[{"embeddable":true,"href":"https:\/\/sogia.cl\/web\/wp-json\/wp\/v2\/comments?post=2301"}],"version-history":[{"count":3,"href":"https:\/\/sogia.cl\/web\/wp-json\/wp\/v2\/pages\/2301\/revisions"}],"predecessor-version":[{"id":2350,"href":"https:\/\/sogia.cl\/web\/wp-json\/wp\/v2\/pages\/2301\/revisions\/2350"}],"wp:attachment":[{"href":"https:\/\/sogia.cl\/web\/wp-json\/wp\/v2\/media?parent=2301"}],"curies":[{"name":"wp","href":"https:\/\/api.w.org\/{rel}","templated":true}]}}