{"id":167,"date":"2017-02-14T08:12:06","date_gmt":"2017-02-14T08:12:06","guid":{"rendered":"http:\/\/ed.aislinthemes.com\/?page_id=648"},"modified":"2025-04-09T15:06:19","modified_gmt":"2025-04-09T19:06:19","slug":"saludo","status":"publish","type":"page","link":"https:\/\/sogia.cl\/web\/quienes-somos\/saludo\/","title":{"rendered":"Saludo"},"content":{"rendered":"\t\t<div data-elementor-type=\"wp-page\" data-elementor-id=\"167\" class=\"elementor elementor-167\">\n\t\t\t\t<div class=\"elementor-element elementor-element-5feb5de e-flex e-con-boxed wpr-particle-no wpr-jarallax-no wpr-parallax-no wpr-sticky-section-no e-con e-parent\" data-id=\"5feb5de\" data-element_type=\"container\">\n\t\t\t\t\t<div class=\"e-con-inner\">\n\t\t\t\t<div class=\"elementor-element elementor-element-bb1e1f8 elementor-widget elementor-widget-spacer\" data-id=\"bb1e1f8\" data-element_type=\"widget\" data-widget_type=\"spacer.default\">\n\t\t\t\t<div class=\"elementor-widget-container\">\n\t\t\t\t\t\t\t<div class=\"elementor-spacer\">\n\t\t\t<div class=\"elementor-spacer-inner\"><\/div>\n\t\t<\/div>\n\t\t\t\t\t\t<\/div>\n\t\t\t\t<\/div>\n\t\t\t\t<div class=\"elementor-element elementor-element-7125139 elementor-widget elementor-widget-heading\" data-id=\"7125139\" data-element_type=\"widget\" data-widget_type=\"heading.default\">\n\t\t\t\t<div class=\"elementor-widget-container\">\n\t\t\t\t\t<h4 class=\"elementor-heading-title elementor-size-default\">Bienvenidos y bienvenidas a la Sociedad Chilena de Ginecolog\u00eda Infantil y de la Adolescencia, SOGIA.<\/h4>\t\t\t\t<\/div>\n\t\t\t\t<\/div>\n\t\t\t\t<div class=\"elementor-element elementor-element-a677bbc elementor-widget elementor-widget-text-editor\" data-id=\"a677bbc\" data-element_type=\"widget\" data-widget_type=\"text-editor.default\">\n\t\t\t\t<div class=\"elementor-widget-container\">\n\t\t\t\t\t\t\t\t\t<p>SOGIA representa un espacio dedicado a la mejora continua de la salud ginecol\u00f3gica y reproductiva de ni\u00f1as y adolescentes en Chile. Como subespecialidad de la Ginecolog\u00eda y Obstetricia, nuestra misi\u00f3n es proteger y promover el bienestar de las nuevas generaciones, fortaleciendo la formaci\u00f3n de los profesionales de la salud y brind\u00e1ndoles herramientas para abordar de manera integral y emp\u00e1tica los desaf\u00edos espec\u00edficos de estas etapas cruciales del desarrollo. Buscamos generar un impacto positivo en la vida de nuestras ni\u00f1as y adolescentes a trav\u00e9s de la educaci\u00f3n continua a profesionales de la salud.<\/p><p>Invitamos a todos y todas a explorar los recursos que hemos preparado en esta p\u00e1gina web, a unirse a nuestra labor y a ser parte de este compromiso por un futuro m\u00e1s saludable y feliz\u00a0para\u00a0ellas.<\/p>\t\t\t\t\t\t\t\t<\/div>\n\t\t\t\t<\/div>\n\t\t\t\t<div class=\"elementor-element elementor-element-1118e3d elementor-widget__width-initial elementor-widget elementor-widget-image\" data-id=\"1118e3d\" data-element_type=\"widget\" data-widget_type=\"image.default\">\n\t\t\t\t<div class=\"elementor-widget-container\">\n\t\t\t\t\t\t\t\t\t\t\t\t<figure class=\"wp-caption\">\n\t\t\t\t\t\t\t\t\t\t<img fetchpriority=\"high\" decoding=\"async\" width=\"768\" height=\"768\" src=\"https:\/\/sogia.cl\/web\/wp-content\/uploads\/2024\/12\/Dra-Daniela-Capella.jpg\" class=\"attachment-full size-full wp-image-2114\" alt=\"\" srcset=\"https:\/\/sogia.cl\/web\/wp-content\/uploads\/2024\/12\/Dra-Daniela-Capella.jpg 768w, https:\/\/sogia.cl\/web\/wp-content\/uploads\/2024\/12\/Dra-Daniela-Capella-240x240.jpg 240w, https:\/\/sogia.cl\/web\/wp-content\/uploads\/2024\/12\/Dra-Daniela-Capella-480x480.jpg 480w, https:\/\/sogia.cl\/web\/wp-content\/uploads\/2024\/12\/Dra-Daniela-Capella-150x150.jpg 150w\" sizes=\"(max-width: 768px) 100vw, 768px\" \/>\t\t\t\t\t\t\t\t\t\t\t<figcaption class=\"widget-image-caption wp-caption-text\"><\/figcaption>\n\t\t\t\t\t\t\t\t\t\t<\/figure>\n\t\t\t\t\t\t\t\t\t<\/div>\n\t\t\t\t<\/div>\n\t\t\t\t<div class=\"elementor-element elementor-element-060af6c elementor-widget elementor-widget-heading\" data-id=\"060af6c\" data-element_type=\"widget\" data-widget_type=\"heading.default\">\n\t\t\t\t<div class=\"elementor-widget-container\">\n\t\t\t\t\t<h5 class=\"elementor-heading-title elementor-size-default\">Dra. Daniela Capella<br>\nPresidenta SOGIA 2025-2026<\/h5>\t\t\t\t<\/div>\n\t\t\t\t<\/div>\n\t\t\t\t<div class=\"elementor-element elementor-element-d15fd5c elementor-widget elementor-widget-spacer\" data-id=\"d15fd5c\" data-element_type=\"widget\" data-widget_type=\"spacer.default\">\n\t\t\t\t<div class=\"elementor-widget-container\">\n\t\t\t\t\t\t\t<div class=\"elementor-spacer\">\n\t\t\t<div class=\"elementor-spacer-inner\"><\/div>\n\t\t<\/div>\n\t\t\t\t\t\t<\/div>\n\t\t\t\t<\/div>\n\t\t\t\t\t<\/div>\n\t\t\t\t<\/div>\n\t\t\t\t<\/div>\n\t\t","protected":false},"excerpt":{"rendered":"<p>Bienvenidos y bienvenidas a la Sociedad Chilena de Ginecolog\u00eda Infantil y de la Adolescencia, SOGIA. SOGIA representa un espacio dedicado&nbsp;<a href=\"https:\/\/sogia.cl\/web\/quienes-somos\/saludo\/\">&hellip;<\/a><\/p>\n","protected":false},"author":1,"featured_media":0,"parent":175,"menu_order":1,"comment_status":"closed","ping_status":"closed","template":"template-fullwidth.php","meta":{"footnotes":""},"class_list":["post-167","page","type-page","status-publish","hentry","odd"],"_links":{"self":[{"href":"https:\/\/sogia.cl\/web\/wp-json\/wp\/v2\/pages\/167","targetHints":{"allow":["GET"]}}],"collection":[{"href":"https:\/\/sogia.cl\/web\/wp-json\/wp\/v2\/pages"}],"about":[{"href":"https:\/\/sogia.cl\/web\/wp-json\/wp\/v2\/types\/page"}],"author":[{"embeddable":true,"href":"https:\/\/sogia.cl\/web\/wp-json\/wp\/v2\/users\/1"}],"replies":[{"embeddable":true,"href":"https:\/\/sogia.cl\/web\/wp-json\/wp\/v2\/comments?post=167"}],"version-history":[{"count":3,"href":"https:\/\/sogia.cl\/web\/wp-json\/wp\/v2\/pages\/167\/revisions"}],"predecessor-version":[{"id":2456,"href":"https:\/\/sogia.cl\/web\/wp-json\/wp\/v2\/pages\/167\/revisions\/2456"}],"up":[{"embeddable":true,"href":"https:\/\/sogia.cl\/web\/wp-json\/wp\/v2\/pages\/175"}],"wp:attachment":[{"href":"https:\/\/sogia.cl\/web\/wp-json\/wp\/v2\/media?parent=167"}],"curies":[{"name":"wp","href":"https:\/\/api.w.org\/{rel}","templated":true}]}}