{"id":166,"date":"2017-02-14T08:13:28","date_gmt":"2017-02-14T08:13:28","guid":{"rendered":"http:\/\/ed.aislinthemes.com\/?page_id=651"},"modified":"2025-07-29T18:44:48","modified_gmt":"2025-07-29T22:44:48","slug":"historia","status":"publish","type":"page","link":"https:\/\/sogia.cl\/web\/quienes-somos\/historia\/","title":{"rendered":"Historia"},"content":{"rendered":"\t\t<div data-elementor-type=\"wp-page\" data-elementor-id=\"166\" class=\"elementor elementor-166\">\n\t\t\t\t<div class=\"elementor-element elementor-element-7aff069 e-flex e-con-boxed wpr-particle-no wpr-jarallax-no wpr-parallax-no wpr-sticky-section-no e-con e-parent\" data-id=\"7aff069\" data-element_type=\"container\">\n\t\t\t\t\t<div class=\"e-con-inner\">\n\t\t\t\t<div class=\"elementor-element elementor-element-d1d63e3 elementor-widget elementor-widget-text-editor\" data-id=\"d1d63e3\" data-element_type=\"widget\" data-widget_type=\"text-editor.default\">\n\t\t\t\t<div class=\"elementor-widget-container\">\n\t\t\t\t\t\t\t\t\t<p><b><span style=\"color: #3a2e83;\"><img decoding=\"async\" class=\"alignright wp-image-7\" src=\"https:\/\/sogia.cl\/web\/wp-content\/uploads\/2019\/04\/logo-sogia-270x230-270x230.png\" alt=\"\" width=\"176\" height=\"150\" srcset=\"https:\/\/sogia.cl\/web\/wp-content\/uploads\/2019\/04\/logo-sogia-270x230.png 270w, https:\/\/sogia.cl\/web\/wp-content\/uploads\/2019\/04\/logo-sogia-270x230-150x128.png 150w\" sizes=\"(max-width: 176px) 100vw, 176px\" \/>La Sociedad Chilena de Obstetricia y Ginecolog\u00eda Infantil y de la Adolescencia (SOGIA)<\/span>\u00a0<\/b><span style=\"font-weight: 400;\">nace con el objetivo de contribuir al progreso de la Obstetricia y Ginecolog\u00eda Infantil y de la Adolescencia y fue\u00a0 constituida legalmente el a\u00f1o 1985 por los doctores Cecilia Kamarosy, Juan Eugenio Astorquiza, Patricio Gayan, Joaqu\u00edn Iglesias, Eliana Martinez, Arnaldo Porcile, Alonso Uribe, Eugenio Venegas, Carlos Gajardo, Maria Elena Valenzuela, Carlos Galan, Enrique Onetto, Roderick Walton y Ramiro Molina.\u00a0 En sus primeros a\u00f1os fue presidida por Dr. Ramiro Molina. Los directorios y sus integrantes son detallados a continuaci\u00f3n.<\/span><\/p><p><span style=\"font-weight: 400; color: #3a2e83;\"><span style=\"text-decoration: underline;\"><strong>1997-2000<\/strong><\/span><br \/><\/span><span style=\"font-weight: 400;\">Presidente: Enrique Onetto, Integrantes: Ximena Luengo, Elisabeth Erdos, Jorge Varas, Ada Zunino, Jorge Sandoval y Mercedes Abreu, Militza Concha y Ren\u00e9 Castro<\/span><\/p><p><span style=\"font-weight: 400; color: #3a2e83;\"><span style=\"text-decoration: underline;\"><strong>2000-2003<\/strong><\/span><br \/><\/span><span style=\"font-weight: 400;\">Presidente: Ramiro Molina. Integrantes: Enrique Onetto, Jorge Sandoval, Ruth Schneider, Karina Sotomayor, Ada Zunino, Ximena Luengo, Pamela Oyarz\u00fan<\/span><\/p><p><span style=\"font-weight: 400; color: #3a2e83;\"><span style=\"text-decoration: underline;\"><strong>2003-2006<\/strong><\/span><br \/><\/span><span style=\"font-weight: 400;\">Jorge Sandoval. Integrantes: Pamela Oyarz\u00fan, Ivonne Rivas, Susana Apablaza, Patricia Romero, Andrea Huneeus, Paz Figueroa<\/span><\/p><p><span style=\"font-weight: 400; color: #3a2e83;\"><span style=\"text-decoration: underline;\"><strong>2006-2009<\/strong><\/span><br \/><\/span><span style=\"font-weight: 400;\">Dra. Pamela Oyarz\u00fan. Integrantes: Ramiro Molina, Nereida Concha, Oriana Carrasco, Susana Apablaza, Ximena Luengo, Patricia Romero, Adela Montero, Andrea Schilling<\/span><\/p><p><span style=\"font-weight: 400; color: #3a2e83;\"><span style=\"text-decoration: underline;\"><strong>2009-2012<\/strong><\/span><br \/><\/span><span style=\"font-weight: 400;\">Dra. Pamela Oyarzun. Integrantes: Patricia Romero, Susana Apablaza, Carolina Conejero, Adela Montero, Alejandra Cabellos, Carolina Gonz\u00e1lez Roca,\u00a0<\/span><\/p><p><span style=\"font-weight: 400; color: #3a2e83;\"><span style=\"text-decoration: underline;\"><strong>2012-2014<\/strong><\/span><br \/><\/span><span style=\"font-weight: 400;\">Dra. Carolina Conejero. Integrantes: Carolina Gonzalez Roca, Patricia Romero, Adela Montero, Solange Partarrieu, Alejandra Cabellos, Paulina Merino<\/span><\/p><p><span style=\"font-weight: 400; color: #3a2e83;\"><span style=\"text-decoration: underline;\"><strong>2014-2016<\/strong><\/span><br \/><\/span><span style=\"font-weight: 400;\">Dra. Adela Montero. Integrantes:\u00a0 Carolina Gonz\u00e1lez Roca, Solange Parterrieu, Paulina Merino, Magdalena Bofill, Carolina Schulin Zeuthen, Carolina Conejeros, Mar\u00eda Jos\u00e9 Canessa<\/span><\/p><p><span style=\"font-weight: 400; color: #3a2e83;\"><span style=\"text-decoration: underline;\"><strong>2016-2018<\/strong><\/span><br \/><\/span><span style=\"font-weight: 400;\">Dra. Carolina Conejeros: Integrantes: Carolina Schilin Zeuthe, Paulina Merino, Adela Montero, Carolina Gonzalez Largo, Andrea Huneeus, Claudia Zajer<\/span><\/p><p><span style=\"font-weight: 400; color: #3a2e83;\"><span style=\"text-decoration: underline;\"><strong>2018-2020<\/strong><\/span><br \/><\/span><span style=\"font-weight: 400;\">Dra. Carolina Schulin-Zeuthen. Integrantes: Solange Partarrieu, Carolina Gonzalez Largo, Paulina Merino, Claudia Zajer, Andrea Huneeus, Adela Montero, Lilian Carrasco<\/span><\/p><p><span style=\"font-weight: 400; color: #3a2e83;\"><span style=\"text-decoration: underline;\"><strong>2020-2022<\/strong><\/span><br \/><\/span><span style=\"font-weight: 400;\">Dra. Andrea Huneeus. Integrantes Claudia Zajer, Solange Partarrieu, Paulina Merino, Cecilia Goity, Daniela Capella, Roger Gonzalez, Lilian Carrasco, Carolina Schilin-Zeuthen<\/span><\/p><p><span style=\"font-weight: 400; color: #3a2e83;\"><span style=\"text-decoration: underline;\"><strong>2022-2024<\/strong><\/span><br \/><\/span><span style=\"font-weight: 400;\">Dra. Claudia Zajer . Integrantes: Daniela Capella, Arlette Adauy, Pamela Sanhueza, Solange Partarrieu, Magdalena Castro, Andrea Huneeus<\/span><\/p>\t\t\t\t\t\t\t\t<\/div>\n\t\t\t\t<\/div>\n\t\t\t\t<div class=\"elementor-element elementor-element-1a2b26c elementor-widget elementor-widget-spacer\" data-id=\"1a2b26c\" data-element_type=\"widget\" data-widget_type=\"spacer.default\">\n\t\t\t\t<div class=\"elementor-widget-container\">\n\t\t\t\t\t\t\t<div class=\"elementor-spacer\">\n\t\t\t<div class=\"elementor-spacer-inner\"><\/div>\n\t\t<\/div>\n\t\t\t\t\t\t<\/div>\n\t\t\t\t<\/div>\n\t\t\t\t\t<\/div>\n\t\t\t\t<\/div>\n\t\t\t\t<\/div>\n\t\t","protected":false},"excerpt":{"rendered":"<p>La Sociedad Chilena de Obstetricia y Ginecolog\u00eda Infantil y de la Adolescencia (SOGIA)\u00a0nace con el objetivo de contribuir al progreso&nbsp;<a href=\"https:\/\/sogia.cl\/web\/quienes-somos\/historia\/\">&hellip;<\/a><\/p>\n","protected":false},"author":1,"featured_media":0,"parent":175,"menu_order":3,"comment_status":"closed","ping_status":"closed","template":"template-fullwidth.php","meta":{"footnotes":""},"class_list":["post-166","page","type-page","status-publish","hentry","odd"],"_links":{"self":[{"href":"https:\/\/sogia.cl\/web\/wp-json\/wp\/v2\/pages\/166","targetHints":{"allow":["GET"]}}],"collection":[{"href":"https:\/\/sogia.cl\/web\/wp-json\/wp\/v2\/pages"}],"about":[{"href":"https:\/\/sogia.cl\/web\/wp-json\/wp\/v2\/types\/page"}],"author":[{"embeddable":true,"href":"https:\/\/sogia.cl\/web\/wp-json\/wp\/v2\/users\/1"}],"replies":[{"embeddable":true,"href":"https:\/\/sogia.cl\/web\/wp-json\/wp\/v2\/comments?post=166"}],"version-history":[{"count":6,"href":"https:\/\/sogia.cl\/web\/wp-json\/wp\/v2\/pages\/166\/revisions"}],"predecessor-version":[{"id":2613,"href":"https:\/\/sogia.cl\/web\/wp-json\/wp\/v2\/pages\/166\/revisions\/2613"}],"up":[{"embeddable":true,"href":"https:\/\/sogia.cl\/web\/wp-json\/wp\/v2\/pages\/175"}],"wp:attachment":[{"href":"https:\/\/sogia.cl\/web\/wp-json\/wp\/v2\/media?parent=166"}],"curies":[{"name":"wp","href":"https:\/\/api.w.org\/{rel}","templated":true}]}}