{"id":1591,"date":"2022-01-31T19:51:33","date_gmt":"2022-01-31T22:51:33","guid":{"rendered":"https:\/\/sogia.cl\/web\/?page_id=1591"},"modified":"2024-06-19T19:00:29","modified_gmt":"2024-06-19T23:00:29","slug":"socios-sogia","status":"publish","type":"page","link":"https:\/\/sogia.cl\/web\/quienes-somos\/socios-sogia\/","title":{"rendered":"Listado Socios Sogia"},"content":{"rendered":"<h1>Listado Socios Sogia<\/h1>\n<p>&nbsp;<\/p>\n<h5><strong><span style=\"color: #808080;\">ANTOFAGASTA<\/span><\/strong><\/h5>\n<p><span style=\"color: #3a2e83;\"><strong>VIRGINIA MANNS DAVIS<\/strong><\/span><br \/>\n<strong>Ginecolog\u00eda y Obstetricia<\/strong><br \/>\nHospital Militar del Norte<br \/>\nConsulta privada Av. M. A. Matta 1839 of 1802 Edificio Obelisco<\/p>\n<p>&nbsp;<\/p>\n<p>&nbsp;<\/p>\n<h5><strong><span style=\"color: #808080;\">OVALLE &#8211; LA SERENA<\/span><\/strong><\/h5>\n<p><span style=\"color: #3a2e83;\"><strong>PAMELA SANHUEZA GONZ\u00c1LEZ<\/strong><\/span><br \/>\n<strong>Ginecolog\u00eda y Obstetricia<\/strong><br \/>\n<span style=\"color: #333333;\"><em>Ginecolog\u00eda Pedi\u00e1trica y de la Adolescencia<\/em><\/span><br \/>\nHospital Provincial de Ovalle<br \/>\nConsulta Talhuen, Ovalle (+532622834)<br \/>\nCIP La Serena (www.cipnet.cl)<\/p>\n<h5><\/h5>\n<p>&nbsp;<\/p>\n<h5><strong><span style=\"color: #808080;\">SANTIAGO<\/span><\/strong><\/h5>\n<p><span style=\"color: #3a2e83;\"><strong>ANDREA HUNEEUS VERGARA<\/strong><\/span><br \/>\n<strong>Ginecolog\u00eda y Obstetricia<\/strong><br \/>\n<span style=\"color: #333333;\"><em>Ginecolog\u00eda Pedi\u00e1trica y de la Adolescencia<\/em><\/span><br \/>\nCentro de Adolescencia Cl\u00ednica Alemana<\/p>\n<p><span style=\"color: #3a2e83;\"><strong>CLAUDIA ZAJER AMAR<\/strong><\/span><br \/>\n<strong>Ginecolog\u00eda y Obstetricia<\/strong><br \/>\n<span style=\"color: #333333;\"><em>Ginecolog\u00eda Pedi\u00e1trica y de la Adolescencia<\/em><\/span><br \/>\nRed UC Christus<\/p>\n<p><span style=\"color: #3a2e83;\"><strong>ARLETTE ADAUY ENEROS<\/strong><\/span><br \/>\n<strong>Ginecolog\u00eda y Obstetricia<\/strong><br \/>\n<span style=\"color: #333333;\"><em>Ginecolog\u00eda Pedi\u00e1trica y de la Adolescencia | Identidad de G\u00e9nero<\/em><\/span><br \/>\nHospital Sotero del R\u00edo<br \/>\nDoctoralia<br \/>\n<!--\n<span style=\"color: #3a2e83;\"><strong>PAMELA OYARZ\u00daN<\/strong><\/span>\n<strong>Ginecolog\u00eda y Obstetricia<\/strong>\n<span style=\"color: #333333;\"><em>Ginecolog\u00eda Pedi\u00e1trica y de la Adolescencia<\/em><\/span>\nCentro de Adolescencia Cl\u00cdnica Alemana\nCentro del Ni\u00f1o Cl\u00ednica Alemana\nCemera | Facultad de Medicina | Universidad de Chile\n--><br \/>\n<span style=\"color: #3a2e83;\"><strong>CAROLINA GONZ\u00c1LEZ ROCA<\/strong><\/span><br \/>\n<strong>Ginecolog\u00eda y Obstetricia<\/strong><br \/>\n<span style=\"color: #333333;\"><em>Ginecolog\u00eda Pedi\u00e1trica y de la Adolescencia<\/em><\/span><br \/>\nCentro de Adolescencia Cl\u00ednica Alemana<\/p>\n<p><span style=\"color: #3a2e83;\"><strong>DANIELA CAPELLA SEP\u00daLVEDA<\/strong><\/span><br \/>\n<strong>Ginecolog\u00eda y Obstetricia<\/strong><br \/>\n<span style=\"color: #333333;\"><em>Ginecolog\u00eda Pedi\u00e1trica y de la Adolescencia<\/em><\/span><br \/>\nCl\u00ednica Indisa<br \/>\nRed Salud Parque Arauco<br \/>\nCRS Cordillera Pe\u00f1alol\u00e9n Oriente<\/p>\n<p><span style=\"color: #3a2e83;\"><strong>PATRICIA ROMERO FUENTES<\/strong><\/span><br \/>\n<strong>Pediatra<\/strong><br \/>\n<span style=\"color: #333333;\"><em>Ginecolog\u00eda Pedi\u00e1trica y de la Adolescencia<\/em><\/span><br \/>\nHospital Calvo Mackenna<\/p>\n<p><span style=\"color: #3a2e83;\"><strong>LILIAN CARRASCO LEAL<\/strong><\/span><br \/>\n<strong>Ginecolog\u00eda y Obstetricia<\/strong><br \/>\n<span style=\"color: #333333;\"><em>Ginecolog\u00eda Pedi\u00e1trica y de la Adolescencia<\/em><\/span><br \/>\nHospital Exequiel Gonzalez Cort\u00e9s<br \/>\nCl\u00ednica Indisa<\/p>\n<p><span style=\"color: #3a2e83;\"><strong>ROC\u00cdO VILLEGAS PE\u00d1A<\/strong><\/span><br \/>\n<strong>Ginecolog\u00eda y Obstetricia<\/strong><br \/>\n<span style=\"color: #333333;\"><em>Ginecolog\u00eda Pedi\u00e1trica y de la Adolescencia<\/em><\/span><br \/>\nCl\u00ednica Alemana<br \/>\nHospital Padre Hurtado<br \/>\nHospital Roberto del R\u00edo<br \/>\n<!--\n<span style=\"color: #3a2e83;\"><strong>PAULA YARMUCH<\/strong><\/span>\n<strong>Pediatra<\/strong>\n<span style=\"color: #333333;\"><em>Ginecolog\u00eda Pedi\u00e1trica y de la Adolescencia<\/em><\/span>\nCl\u00ednica BUPA\n--><br \/>\n<span style=\"color: #3a2e83;\"><strong>CAROLINA LIU ORELLANA CAMPOS<\/strong><\/span><br \/>\n<strong>Ginecolog\u00eda y Obstetricia<\/strong><br \/>\n<span style=\"color: #333333;\"><em>Ginecolog\u00eda Pedi\u00e1trica y de la Adolescencia<\/em><\/span><br \/>\nHospital Roberto del R\u00edo<br \/>\nCl\u00ednica Santa Mar\u00eda<br \/>\nProfesora adjunta USACH<\/p>\n<p><span style=\"color: #3a2e83;\"><strong>PAULINA MERINO OSORIO<\/strong><\/span><br \/>\n<strong>Ginecolog\u00eda y Obstetricia<\/strong><br \/>\n<span style=\"color: #333333;\"><em>Ginecolog\u00eda Pedi\u00e1trica y de la Adolescencia<\/em><\/span><br \/>\nHIDIMI Universidad de Chile<br \/>\nHospital Cl\u00ednico San Borja Arriar\u00e1n<\/p>\n<p><span style=\"color: #3a2e83;\"><strong>CAROLINA PASTENE SALD\u00cdAS<\/strong><\/span><br \/>\n<strong>Ginecolog\u00eda y Obstetricia<\/strong><br \/>\n<span style=\"color: #333333;\"><em>Ginecolog\u00eda Pedi\u00e1trica y de la Adolescencia<\/em><\/span><br \/>\nHospital Dr. Luis Calvo Mackenna<br \/>\nCl\u00ednica Las Condes<\/p>\n<p><span style=\"color: #3a2e83;\"><strong>CONSTANZA RALPH TRONCOSO<\/strong><\/span><br \/>\n<strong>Ginecolog\u00eda y Obstetricia<\/strong><br \/>\n<span style=\"color: #333333;\"><em>Ginecolog\u00eda Pedi\u00e1trica y de la Adolescencia<\/em><\/span><br \/>\nUniversidad Cat\u00f3lica de Chile<\/p>\n<p><span style=\"color: #3a2e83;\"><strong>MAR\u00cdA TERESA URRUTIA SOTO<\/strong><\/span><br \/>\n<strong>Enfermera- Matrona, Magister, PhD<\/strong><br \/>\nUniversidad Andr\u00e9s Bello &#8211; Directora Doctorado en Ciencia de Enfermer\u00eda<\/p>\n<p><span style=\"color: #3a2e83;\"><strong>JORGE SANDOVAL ZAMORANO<\/strong><\/span><br \/>\n<strong>Ginecolog\u00eda y Obstetricia<\/strong><br \/>\n<span style=\"color: #333333;\"><em>Ginecolog\u00eda Pedi\u00e1trica y de la Adolescencia<\/em><\/span><br \/>\nHospital Cl\u00ednico Universidad de Chile<\/p>\n<p><span style=\"color: #3a2e83;\"><strong>NICOLE AUSSET FOLATRE<\/strong><\/span><br \/>\n<strong>Ginecolog\u00eda y Obstetricia<\/strong><br \/>\nHospital Militar de Santiago<\/p>\n<p><span style=\"color: #3a2e83;\"><strong>MYRIAN TORRES G\u00d3MEZ<\/strong><\/span><br \/>\n<strong>Ginecolog\u00eda y Obstetricia<\/strong><br \/>\nConsulta privada Gral. del Canto 105 of. 317<\/p>\n<p><span style=\"color: #3a2e83;\"><strong>MARCELA MEN\u00c9NDEZ ANCELOVICI<\/strong><\/span><br \/>\n<strong>Ginecolog\u00eda y Obstetricia<\/strong><br \/>\n<span style=\"color: #333333;\"><em>Ginecolog\u00eda Pedi\u00e1trica y de la Adolescencia<\/em><\/span><br \/>\nCONACEM<br \/>\nRed UChristus y hospital Dr. S\u00f3tero del R\u00edo<\/p>\n<p>&nbsp;<\/p>\n<h5><strong><span style=\"color: #808080;\">TALCA<\/span><\/strong><\/h5>\n<p><span style=\"color: #3a2e83;\"><strong>ADRIANA DOREN VILLASECA<\/strong><\/span><br \/>\n<strong>Ginecolog\u00eda y Obstetricia<\/strong><br \/>\nHospital de Talca<br \/>\nUniversidad Cat\u00f3lica del Maule<\/p>\n<p><span style=\"color: #3a2e83;\"><strong>ROGER GONZ\u00c1LEZ CORT\u00c9Z<\/strong><\/span><br \/>\n<strong>Ginecolog\u00eda y Obstetricia<\/strong><br \/>\n<span style=\"color: #333333;\"><em>Ginecolog\u00eda Pedi\u00e1trica y de la Adolescencia | Ginecolog\u00eda Endocrinol\u00f3gica<\/em><\/span><br \/>\nHospital de Talca<br \/>\nClinica UCM<\/p>\n<h5><\/h5>\n<p>&nbsp;<\/p>\n<h5><strong><span style=\"color: #808080;\">LINARES<\/span><\/strong><\/h5>\n<p><span style=\"color: #3a2e83;\"><strong>YUMARLIN TORRES MAITA<\/strong><\/span><br \/>\n<strong>Ginecolog\u00eda y Obstetricia<\/strong><br \/>\n<span style=\"color: #333333;\"><em>Ginecolog\u00eda Pedi\u00e1trica y de la Adolescencia<\/em><\/span><br \/>\nHospital de Linares<br \/>\nConsulta: Max Jara 774<\/p>\n<p>&nbsp;<\/p>\n<p>&nbsp;<\/p>\n<p><!--\n\n\n<h5><strong><span style=\"color: #808080;\">CONCEPCI\u00d3N<\/span><\/strong><\/h5>\n\n\n<span style=\"color: #3a2e83;\"><strong>MACARENA CASTIGLIONE<\/strong><\/span>\n<strong>Ginecolog\u00eda y Obstetricia<\/strong>\n<span style=\"color: #333333;\"><em>Ginecolog\u00eda Pedi\u00e1trica y de la Adolescencia<\/em><\/span>\nHospital Regional Concepci\u00f3n\nClinica Andes Salud\nGynofert\n--><\/p>\n<h5><strong><span style=\"color: #808080;\">TEMUCO<\/span><\/strong><\/h5>\n<p><span style=\"color: #3a2e83;\"><strong>SUSANA APABLAZA HENR\u00cdQUEZ<\/strong><\/span><br \/>\n<strong>Ginecolog\u00eda y Obstetricia<\/strong><br \/>\n<span style=\"color: #333333;\"><em>Ginecolog\u00eda Pedi\u00e1trica y de la Adolescencia<\/em><\/span><br \/>\nCl\u00ednica Alemana de Temuco<\/p>\n<h5><\/h5>\n<p>&nbsp;<\/p>\n<h5><strong><span style=\"color: #808080;\">OSORNO<\/span><\/strong><\/h5>\n<p><span style=\"color: #3a2e83;\"><strong>ALEJANDRA CABELLOS MUJICA<\/strong><\/span><br \/>\n<strong>Ginecolog\u00eda y Obstetricia<\/strong><br \/>\n<span style=\"color: #333333;\"><em>Ginecolog\u00eda Pedi\u00e1trica y de la Adolescencia<\/em><\/span><br \/>\nHospital Base de Osorno<br \/>\nCl\u00ednica Alemana de Osorno<\/p>\n<h5><\/h5>\n<p>&nbsp;<\/p>\n<h5><strong><span style=\"color: #808080;\">PUERTO VARAS &#8211; PUERTO MONTT<\/span><\/strong><\/h5>\n<p><span style=\"color: #3a2e83;\"><strong>EILEEN BULL LARREA<\/strong><\/span><br \/>\n<strong>Ginecolog\u00eda y Obstetricia<\/strong><br \/>\nCl\u00ednica Puerto Montt<\/p>\n<p><span style=\"color: #3a2e83;\"><strong>DORIS ORPHAN\u00d3POULOS STEHR<\/strong><\/span><br \/>\n<strong>Ginecolog\u00eda y Obstetricia<\/strong><br \/>\n<span style=\"color: #333333;\"><em>Ginecolog\u00eda Pedi\u00e1trica y de la Adolescencia<\/em><\/span><br \/>\nHospital Puerto Montt<br \/>\nTorre de Consultas Los Andes Puerto Montt<\/p>\n","protected":false},"excerpt":{"rendered":"<p>Listado Socios Sogia &nbsp; ANTOFAGASTA VIRGINIA MANNS DAVIS Ginecolog\u00eda y Obstetricia Hospital Militar del Norte Consulta privada Av. M. A.&nbsp;<a href=\"https:\/\/sogia.cl\/web\/quienes-somos\/socios-sogia\/\">&hellip;<\/a><\/p>\n","protected":false},"author":1,"featured_media":0,"parent":175,"menu_order":6,"comment_status":"closed","ping_status":"closed","template":"template-sidebar-right-childpages.php","meta":{"footnotes":""},"class_list":["post-1591","page","type-page","status-publish","hentry","odd"],"_links":{"self":[{"href":"https:\/\/sogia.cl\/web\/wp-json\/wp\/v2\/pages\/1591","targetHints":{"allow":["GET"]}}],"collection":[{"href":"https:\/\/sogia.cl\/web\/wp-json\/wp\/v2\/pages"}],"about":[{"href":"https:\/\/sogia.cl\/web\/wp-json\/wp\/v2\/types\/page"}],"author":[{"embeddable":true,"href":"https:\/\/sogia.cl\/web\/wp-json\/wp\/v2\/users\/1"}],"replies":[{"embeddable":true,"href":"https:\/\/sogia.cl\/web\/wp-json\/wp\/v2\/comments?post=1591"}],"version-history":[{"count":3,"href":"https:\/\/sogia.cl\/web\/wp-json\/wp\/v2\/pages\/1591\/revisions"}],"predecessor-version":[{"id":2001,"href":"https:\/\/sogia.cl\/web\/wp-json\/wp\/v2\/pages\/1591\/revisions\/2001"}],"up":[{"embeddable":true,"href":"https:\/\/sogia.cl\/web\/wp-json\/wp\/v2\/pages\/175"}],"wp:attachment":[{"href":"https:\/\/sogia.cl\/web\/wp-json\/wp\/v2\/media?parent=1591"}],"curies":[{"name":"wp","href":"https:\/\/api.w.org\/{rel}","templated":true}]}}